{"id":23879,"date":"2025-01-14T14:34:32","date_gmt":"2025-01-14T09:04:32","guid":{"rendered":"https:\/\/webaccsolutions.com\/products\/?post_type=product&#038;p=23879"},"modified":"2025-01-15T11:11:46","modified_gmt":"2025-01-15T05:41:46","slug":"kisisel-bakim-e-ticaret-php-script","status":"publish","type":"product","link":"https:\/\/webaccsolutions.com\/products\/p\/kisisel-bakim-e-ticaret-php-script\/","title":{"rendered":"Ki\u015fisel Bak\u0131m E-Ticaret PHP Script"},"content":{"rendered":"<p>Ki\u015fisel Bak\u0131m E-Ticaret PHP Script<\/p>\n<ul>\n<li data-xf-list-type=\"ul\">Php son s\u00fcr\u00fcm\u00fc ile kodlanm\u0131\u015ft\u0131r<\/li>\n<li data-xf-list-type=\"ul\">Geli\u015fmi\u015f Laravel Framework ile kodlanm\u0131\u015ft\u0131r<\/li>\n<li data-xf-list-type=\"ul\">%100 mobil ve t\u00fcm uyumluluklar\u0131n uyumu<\/li>\n<li data-xf-list-type=\"ul\">Geli\u015fmi\u015f Seo Y\u00f6netimi<\/li>\n<li data-xf-list-type=\"ul\">Ana Sayfa Y\u00f6netim<\/li>\n<li data-xf-list-type=\"ul\">Y\u00f6netim Paneli<\/li>\n<li data-xf-list-type=\"ul\">Kayd\u0131r\u0131c\u0131 Y\u00f6netimi<\/li>\n<li data-xf-list-type=\"ul\">Hizmetler Y\u00f6netimi<\/li>\n<li data-xf-list-type=\"ul\">M\u00fc\u015fteri Yorum Y\u00f6netimi<\/li>\n<\/ul>\n","protected":false},"excerpt":{"rendered":"<p>Ki\u015fisel Bak\u0131m E-Ticaret PHP Script Php son s\u00fcr\u00fcm\u00fc ile kodlanm\u0131\u015ft\u0131r Geli\u015fmi\u015f Laravel Framework ile kodlanm\u0131\u015ft\u0131r %100 mobil ve t\u00fcm uyumluluklar\u0131n<\/p>\n","protected":false},"featured_media":23881,"comment_status":"open","ping_status":"closed","template":"","meta":{"_acf_changed":false},"product_brand":[],"product_cat":[85],"product_tag":[],"class_list":{"0":"post-23879","1":"product","2":"type-product","3":"status-publish","4":"has-post-thumbnail","6":"product_cat-php-scripts","8":"first","9":"instock","10":"sale","11":"featured","12":"downloadable","13":"virtual","14":"sold-individually","15":"purchasable","16":"product-type-simple"},"acf":[],"_links":{"self":[{"href":"https:\/\/webaccsolutions.com\/products\/wp-json\/wp\/v2\/product\/23879","targetHints":{"allow":["GET"]}}],"collection":[{"href":"https:\/\/webaccsolutions.com\/products\/wp-json\/wp\/v2\/product"}],"about":[{"href":"https:\/\/webaccsolutions.com\/products\/wp-json\/wp\/v2\/types\/product"}],"replies":[{"embeddable":true,"href":"https:\/\/webaccsolutions.com\/products\/wp-json\/wp\/v2\/comments?post=23879"}],"version-history":[{"count":2,"href":"https:\/\/webaccsolutions.com\/products\/wp-json\/wp\/v2\/product\/23879\/revisions"}],"predecessor-version":[{"id":23883,"href":"https:\/\/webaccsolutions.com\/products\/wp-json\/wp\/v2\/product\/23879\/revisions\/23883"}],"wp:featuredmedia":[{"embeddable":true,"href":"https:\/\/webaccsolutions.com\/products\/wp-json\/wp\/v2\/media\/23881"}],"wp:attachment":[{"href":"https:\/\/webaccsolutions.com\/products\/wp-json\/wp\/v2\/media?parent=23879"}],"wp:term":[{"taxonomy":"product_brand","embeddable":true,"href":"https:\/\/webaccsolutions.com\/products\/wp-json\/wp\/v2\/product_brand?post=23879"},{"taxonomy":"product_cat","embeddable":true,"href":"https:\/\/webaccsolutions.com\/products\/wp-json\/wp\/v2\/product_cat?post=23879"},{"taxonomy":"product_tag","embeddable":true,"href":"https:\/\/webaccsolutions.com\/products\/wp-json\/wp\/v2\/product_tag?post=23879"}],"curies":[{"name":"wp","href":"https:\/\/api.w.org\/{rel}","templated":true}]}}